{"id":20,"date":"2017-02-17T16:53:41","date_gmt":"2017-02-17T13:53:41","guid":{"rendered":"http:\/\/nklt.qrusspo.uz\/?page_id=20"},"modified":"2023-06-05T14:32:07","modified_gmt":"2023-06-05T11:32:07","slug":"ruuhyiylyi-m-a-artyiushyilyi","status":"publish","type":"page","link":"https:\/\/ttkhm.qrusspo.uz\/?page_id=20","title":{"rendered":"\u0420\u0443\u045e\u0445\u044b\u0439\u043b\u044b\u049b \u04b3\u04d9\u043c \u0430\u0493\u0430\u0440\u0442\u044b\u045e\u0448\u044b\u043b\u044b\u049b"},"content":{"rendered":"<p>&#171;Mehr bere almasa\u0144-azarda berme&#187; mavzusida &#171;E\u0144 jaqs\u0131 sh\u0131\u01f5arma&#187; ko&#8217;rik tanlovi bo&#8217;lib o&#8217;tdi.<\/p>\n<p>O&#8217;zbekiston Respublikasi Davlat bayrog&#8217;ining qabul qilingan kuni munosabati bilan Nukus shahrida &#171;Yangi Nafas&#187; tadbiri bo&#8217;lib o&#8217;tdi.<\/p>\n<p>&#171;\u00d3mir tezlikden z\u00e1r\u00farlidir&#187; mavzusida o&#8217;quvchilar orasida tushuntirish ishlari olib borildi.<\/p>\n<p>Respublika ma&#8217;naviyat va ma&#8217;rifat markazi Taxiatosh tumani bo&#8217;limi boshlig&#8217;i B.Palvaniyazov va tuman IIB xodimi O.Artikovlar ishtirokida &#171;Biz bir mamlakatda yashayotgan xalqmiz&#187; shiori ostida targ&#8217;ibot-tashviqot ishlari olib borildi.<\/p>\n<p>Kasb-hunar maktabimizda tuman IIB xodimi YHQT katta inspektori mayor M.Iskandarov va YHQ bo&#8217;yicha maxsus fan o&#8217;qituvchisi B.Ibragimovlar ishtirokida o&#8217;quvchi yoshlar orasida Yo&#8217;l harakati qoidalariga qat&#8217;iy rioya qilish maqsadida &#171;\u00d3mir tezlikden z\u00e1r\u00farlidir&#187; va &#171;Q\u00e1wipsizlik qamar\u0131-turm\u0131s girewi&#187; mavzularida tushuntirish ishlari olib borildi.<\/p>\n<p>O&#8217;quvchi yoshlarni vatanga bo&#8217;lgan muhabbatini oshirish maqsadida bekitilgan mas&#8217;ular ishtirokida o&#8217;quvchilarni tumanimizda joylashda 99651-sonli harbiy qismga sayohatga olib borishdi.<\/p>\n<p>&#171;Yoshlar turizmi haftaligi&#187; doirasida o&#8217;quvchi yoshlarning bo&#8217;sh vaqtlarini mazmunli o&#8217;tkazish maqsadida\u00a0o&#8217;quvchi yoshlar va maktabimizda bekitilgan mas&#8217;ullar bilan birgalikda &#171;Sultab Uvays bobo&#187; ziyoratgohiga va &#171;Shilpiq&#187; qo&#8217;rg&#8217;oniga sayohatga borishdilar.<\/p>\n<p>Tuman IIB Jinoyat qidirish guruhi operativ vakili leytenant O.Kamalov ishtirokida\u00a0&#171;Psixoaktiv moddalarga moyillikning oldini olish&#187; bo&#8217;yicha o&#8217;quvchi yoshlar orasida tushuntirish ishlari olib borildi.<\/p>\n<p>&nbsp;<\/p>\n","protected":false},"excerpt":{"rendered":"<p>&#171;Mehr bere almasa\u0144-azarda berme&#187; mavzusida &#171;E\u0144 jaqs\u0131 sh\u0131\u01f5arma&#187; ko&#8217;rik tanlovi bo&#8217;lib o&#8217;tdi. O&#8217;zbekiston Respublikasi Davlat bayrog&#8217;ining qabul qilingan kuni munosabati bilan Nukus shahrida &#171;Yangi Nafas&#187; tadbiri bo&#8217;lib o&#8217;tdi. &#171;\u00d3mir tezlikden z\u00e1r\u00farlidir&#187; mavzusida<a class=\"moretag\" href=\"https:\/\/ttkhm.qrusspo.uz\/?page_id=20\">\u0422\u043e\u043b\u044b\u049b \u043e\u049b\u044b\u045e<\/a><\/p>\n","protected":false},"author":1,"featured_media":0,"parent":0,"menu_order":0,"comment_status":"closed","ping_status":"closed","template":"","meta":{"footnotes":""},"class_list":["post-20","page","type-page","status-publish","hentry"],"_links":{"self":[{"href":"https:\/\/ttkhm.qrusspo.uz\/index.php?rest_route=\/wp\/v2\/pages\/20","targetHints":{"allow":["GET"]}}],"collection":[{"href":"https:\/\/ttkhm.qrusspo.uz\/index.php?rest_route=\/wp\/v2\/pages"}],"about":[{"href":"https:\/\/ttkhm.qrusspo.uz\/index.php?rest_route=\/wp\/v2\/types\/page"}],"author":[{"embeddable":true,"href":"https:\/\/ttkhm.qrusspo.uz\/index.php?rest_route=\/wp\/v2\/users\/1"}],"replies":[{"embeddable":true,"href":"https:\/\/ttkhm.qrusspo.uz\/index.php?rest_route=%2Fwp%2Fv2%2Fcomments&post=20"}],"version-history":[{"count":6,"href":"https:\/\/ttkhm.qrusspo.uz\/index.php?rest_route=\/wp\/v2\/pages\/20\/revisions"}],"predecessor-version":[{"id":628,"href":"https:\/\/ttkhm.qrusspo.uz\/index.php?rest_route=\/wp\/v2\/pages\/20\/revisions\/628"}],"wp:attachment":[{"href":"https:\/\/ttkhm.qrusspo.uz\/index.php?rest_route=%2Fwp%2Fv2%2Fmedia&parent=20"}],"curies":[{"name":"wp","href":"https:\/\/api.w.org\/{rel}","templated":true}]}}