{"id":72,"date":"2017-02-17T16:58:34","date_gmt":"2017-02-17T13:58:34","guid":{"rendered":"http:\/\/nklt.qrusspo.uz\/?page_id=72"},"modified":"2026-02-02T10:21:59","modified_gmt":"2026-02-02T07:21:59","slug":"kolledzh-zhetiskenlikleri","status":"publish","type":"page","link":"https:\/\/ttkhm.qrusspo.uz\/?page_id=72","title":{"rendered":"\u0422\u0430\u043a\u0438\u044f\u0442\u0430\u0441 1-\u0441\u0430\u043d\u043b\u044b \u0442\u0435\u0445\u043d\u0438\u043a\u0443\u043c\u044b  \u0436\u0435\u0442\u0438\u0441\u043a\u0435\u043d\u043b\u0438\u043a\u043b\u0435\u0440\u044b"},"content":{"rendered":"<p><a href=\"http:\/\/ttkhm.qrusspo.uz\/wp-content\/uploads\/2017\/02\/\u043a\u0443\u043f\u043a\u0443\u0440\u0430\u0448.pdf\">\u043a\u0443\u043f\u043a\u0443\u0440\u0430\u0448<\/a><\/p>\n<p>O\u02c8zbekistan jaslar awqam\u0131 h\u00e0m birge islewshi sh\u00f3lkemler menen birgelikte sh\u00f3lkemlestirilgen <strong>\u201cK\u00f3pg\u00fares\u201d<\/strong> bellesiwini\u0144 Qaraqalpaqstan Respublikas\u0131 basq\u0131sh\u0131 bol\u0131p \u00f3tti. \u201cK\u00f3pg\u00fares\u201d \u00e0skeriy-watans\u00fayiwshilik sport bellesiwine 17 qala h\u00e0m rayonnan ji\u0144impaz bol\u01f5an komandalar <strong><em>\u201cSoraw-juwap\u201d<\/em><\/strong>, <strong><em>\u201cAKM\u201d<\/em><\/strong><em> awtomat\u0131n b\u00f3leklerge b\u00f3liw h\u00e0m jiynaw<\/em>, <strong><em>\u201c\u00c0skeriy biatlon\u201d<\/em><\/strong>, <strong><em>\u201cOq jaydan oq at\u0131w\u201d<\/em><\/strong>, <strong><em>\u201cArqan tart\u0131s\u201d<\/em><\/strong> sh\u00e0rtleri boy\u0131nsha \u00f3z ara k\u00fash s\u0131nast\u0131.<\/p>\n<p>Jar\u0131s juwma\u01f5\u0131 boy\u0131nsha:<\/p>\n<p>1-or\u0131nd\u0131 <strong>N\u00f3kis<\/strong> veterinariya medicinas\u0131 texnikum\u0131n\u0131\u0144 <em>\u201cJas kinologlar\u201d<\/em> komandas\u0131;<\/p>\n<p>2-or\u0131nd\u0131 <strong>Taq\u0131yatas rayon\u0131<\/strong> k\u00e0sip-\u00f3ner mektebini\u0144 <em>\u201cQalqan\u201d<\/em> komandas\u0131;<\/p>\n<p>3-or\u0131nd\u0131 <strong>Sh\u0131mbay rayon\u0131<\/strong> k\u00e0sip-\u00f3ner maktabini\u0144 <em>\u201cQalqan\u201d<\/em> komandas\u0131 iyeledi.<\/p>\n<p>Je\u0144impazlar sh\u00f3lkemlestiriwshiler t\u00e0repinen diplom, pul s\u0131yl\u0131\u01f5\u0131 h\u00e0m q\u0131mbat bahal\u0131 saw\u01f5alar\u0131 menen s\u0131yl\u0131qland\u0131.<\/p>\n","protected":false},"excerpt":{"rendered":"<p>\u043a\u0443\u043f\u043a\u0443\u0440\u0430\u0448 O\u02c8zbekistan jaslar awqam\u0131 h\u00e0m birge islewshi sh\u00f3lkemler menen birgelikte sh\u00f3lkemlestirilgen \u201cK\u00f3pg\u00fares\u201d bellesiwini\u0144 Qaraqalpaqstan Respublikas\u0131 basq\u0131sh\u0131 bol\u0131p \u00f3tti. \u201cK\u00f3pg\u00fares\u201d \u00e0skeriy-watans\u00fayiwshilik sport bellesiwine 17 qala h\u00e0m rayonnan ji\u0144impaz bol\u01f5an komandalar \u201cSoraw-juwap\u201d, \u201cAKM\u201d awtomat\u0131n<a class=\"moretag\" href=\"https:\/\/ttkhm.qrusspo.uz\/?page_id=72\">\u0422\u043e\u043b\u044b\u049b \u043e\u049b\u044b\u045e<\/a><\/p>\n","protected":false},"author":1,"featured_media":0,"parent":20,"menu_order":0,"comment_status":"closed","ping_status":"closed","template":"","meta":{"footnotes":""},"class_list":["post-72","page","type-page","status-publish","hentry"],"_links":{"self":[{"href":"https:\/\/ttkhm.qrusspo.uz\/index.php?rest_route=\/wp\/v2\/pages\/72","targetHints":{"allow":["GET"]}}],"collection":[{"href":"https:\/\/ttkhm.qrusspo.uz\/index.php?rest_route=\/wp\/v2\/pages"}],"about":[{"href":"https:\/\/ttkhm.qrusspo.uz\/index.php?rest_route=\/wp\/v2\/types\/page"}],"author":[{"embeddable":true,"href":"https:\/\/ttkhm.qrusspo.uz\/index.php?rest_route=\/wp\/v2\/users\/1"}],"replies":[{"embeddable":true,"href":"https:\/\/ttkhm.qrusspo.uz\/index.php?rest_route=%2Fwp%2Fv2%2Fcomments&post=72"}],"version-history":[{"count":7,"href":"https:\/\/ttkhm.qrusspo.uz\/index.php?rest_route=\/wp\/v2\/pages\/72\/revisions"}],"predecessor-version":[{"id":1266,"href":"https:\/\/ttkhm.qrusspo.uz\/index.php?rest_route=\/wp\/v2\/pages\/72\/revisions\/1266"}],"up":[{"embeddable":true,"href":"https:\/\/ttkhm.qrusspo.uz\/index.php?rest_route=\/wp\/v2\/pages\/20"}],"wp:attachment":[{"href":"https:\/\/ttkhm.qrusspo.uz\/index.php?rest_route=%2Fwp%2Fv2%2Fmedia&parent=72"}],"curies":[{"name":"wp","href":"https:\/\/api.w.org\/{rel}","templated":true}]}}